{"id":22,"date":"2024-09-20T09:57:17","date_gmt":"2024-09-20T07:57:17","guid":{"rendered":"https:\/\/warhammer-40000.fr\/?page_id=22"},"modified":"2024-09-20T13:25:10","modified_gmt":"2024-09-20T11:25:10","slug":"kit-de-demarrage-warhammer","status":"publish","type":"page","link":"https:\/\/warhammer-40000.fr\/index.php\/kit-de-demarrage-warhammer\/","title":{"rendered":"KIT DE DEMARRAGE"},"content":{"rendered":"\t\t<div data-elementor-type=\"wp-page\" data-elementor-id=\"22\" class=\"elementor elementor-22\" data-elementor-post-type=\"page\">\n\t\t\t\t<div class=\"elementor-element elementor-element-f19e23a e-flex e-con-boxed e-con e-parent\" data-id=\"f19e23a\" data-element_type=\"container\">\n\t\t\t\t\t<div class=\"e-con-inner\">\n\t\t\t\t<div class=\"elementor-element elementor-element-8d36c80 elementor-nav-menu__align-center elementor-nav-menu--dropdown-tablet elementor-nav-menu__text-align-aside elementor-nav-menu--toggle elementor-nav-menu--burger elementor-widget elementor-widget-nav-menu\" data-id=\"8d36c80\" data-element_type=\"widget\" data-settings=\"{&quot;layout&quot;:&quot;horizontal&quot;,&quot;submenu_icon&quot;:{&quot;value&quot;:&quot;&lt;svg class=\\&quot;e-font-icon-svg e-fas-caret-down\\&quot; viewBox=\\&quot;0 0 320 512\\&quot; xmlns=\\&quot;http:\\\/\\\/www.w3.org\\\/2000\\\/svg\\&quot;&gt;&lt;path d=\\&quot;M31.3 192h257.3c17.8 0 26.7 21.5 14.1 34.1L174.1 354.8c-7.8 7.8-20.5 7.8-28.3 0L17.2 226.1C4.6 213.5 13.5 192 31.3 192z\\&quot;&gt;&lt;\\\/path&gt;&lt;\\\/svg&gt;&quot;,&quot;library&quot;:&quot;fa-solid&quot;},&quot;toggle&quot;:&quot;burger&quot;}\" data-widget_type=\"nav-menu.default\">\n\t\t\t\t<div class=\"elementor-widget-container\">\n\t\t\t\t\t\t<nav aria-label=\"Menu\" class=\"elementor-nav-menu--main elementor-nav-menu__container elementor-nav-menu--layout-horizontal e--pointer-underline e--animation-fade\">\n\t\t\t\t<ul id=\"menu-1-8d36c80\" class=\"elementor-nav-menu\"><li class=\"menu-item menu-item-type-post_type menu-item-object-page menu-item-40\"><a href=\"https:\/\/warhammer-40000.fr\/index.php\/boutique-warhammer-cergy\/\" class=\"elementor-item\">LA BOUTIQUE<\/a><\/li>\n<li class=\"menu-item menu-item-type-post_type menu-item-object-page menu-item-41\"><a href=\"https:\/\/warhammer-40000.fr\/index.php\/peinture-citadel-warhammer\/\" class=\"elementor-item\">PEINTURE CITADEL<\/a><\/li>\n<li class=\"menu-item menu-item-type-post_type menu-item-object-page menu-item-42\"><a href=\"https:\/\/warhammer-40000.fr\/index.php\/les-factions-warhammer\/\" class=\"elementor-item\">LES FACTIONS<\/a><\/li>\n<li class=\"menu-item menu-item-type-post_type menu-item-object-page menu-item-43\"><a href=\"https:\/\/warhammer-40000.fr\/index.php\/kit-de-demarrage-warhammer\/\" class=\"elementor-item\">KIT DE DEMARRAGE<\/a><\/li>\n<\/ul>\t\t\t<\/nav>\n\t\t\t\t\t<div class=\"elementor-menu-toggle\" role=\"button\" tabindex=\"0\" aria-label=\"Menu Toggle\" aria-expanded=\"false\">\n\t\t\t<svg aria-hidden=\"true\" role=\"presentation\" class=\"elementor-menu-toggle__icon--open e-font-icon-svg e-eicon-menu-bar\" viewBox=\"0 0 1000 1000\" xmlns=\"http:\/\/www.w3.org\/2000\/svg\"><path d=\"M104 333H896C929 333 958 304 958 271S929 208 896 208H104C71 208 42 237 42 271S71 333 104 333ZM104 583H896C929 583 958 554 958 521S929 458 896 458H104C71 458 42 487 42 521S71 583 104 583ZM104 833H896C929 833 958 804 958 771S929 708 896 708H104C71 708 42 737 42 771S71 833 104 833Z\"><\/path><\/svg><svg aria-hidden=\"true\" role=\"presentation\" class=\"elementor-menu-toggle__icon--close e-font-icon-svg e-eicon-close\" viewBox=\"0 0 1000 1000\" xmlns=\"http:\/\/www.w3.org\/2000\/svg\"><path d=\"M742 167L500 408 258 167C246 154 233 150 217 150 196 150 179 158 167 167 154 179 150 196 150 212 150 229 154 242 171 254L408 500 167 742C138 771 138 800 167 829 196 858 225 858 254 829L496 587 738 829C750 842 767 846 783 846 800 846 817 842 829 829 842 817 846 804 846 783 846 767 842 750 829 737L588 500 833 258C863 229 863 200 833 171 804 137 775 137 742 167Z\"><\/path><\/svg>\t\t\t<span class=\"elementor-screen-only\">Menu<\/span>\n\t\t<\/div>\n\t\t\t\t\t<nav class=\"elementor-nav-menu--dropdown elementor-nav-menu__container\" aria-hidden=\"true\">\n\t\t\t\t<ul id=\"menu-2-8d36c80\" class=\"elementor-nav-menu\"><li class=\"menu-item menu-item-type-post_type menu-item-object-page menu-item-40\"><a href=\"https:\/\/warhammer-40000.fr\/index.php\/boutique-warhammer-cergy\/\" class=\"elementor-item\" tabindex=\"-1\">LA BOUTIQUE<\/a><\/li>\n<li class=\"menu-item menu-item-type-post_type menu-item-object-page menu-item-41\"><a href=\"https:\/\/warhammer-40000.fr\/index.php\/peinture-citadel-warhammer\/\" class=\"elementor-item\" tabindex=\"-1\">PEINTURE CITADEL<\/a><\/li>\n<li class=\"menu-item menu-item-type-post_type menu-item-object-page menu-item-42\"><a href=\"https:\/\/warhammer-40000.fr\/index.php\/les-factions-warhammer\/\" class=\"elementor-item\" tabindex=\"-1\">LES FACTIONS<\/a><\/li>\n<li class=\"menu-item menu-item-type-post_type menu-item-object-page menu-item-43\"><a href=\"https:\/\/warhammer-40000.fr\/index.php\/kit-de-demarrage-warhammer\/\" class=\"elementor-item\" tabindex=\"-1\">KIT DE DEMARRAGE<\/a><\/li>\n<\/ul>\t\t\t<\/nav>\n\t\t\t\t<\/div>\n\t\t\t\t<\/div>\n\t\t\t\t\t<\/div>\n\t\t\t\t<\/div>\n\t\t<div class=\"elementor-element elementor-element-b873d23 e-flex e-con-boxed e-con e-parent\" data-id=\"b873d23\" data-element_type=\"container\">\n\t\t\t\t\t<div class=\"e-con-inner\">\n\t\t\t\t<div class=\"elementor-element elementor-element-316b584 elementor-widget elementor-widget-text-editor\" data-id=\"316b584\" data-element_type=\"widget\" data-widget_type=\"text-editor.default\">\n\t\t\t\t<div class=\"elementor-widget-container\">\n\t\t\t\t\t\t\t<p>Dans notre <strong>boutique Warhammer \u00e0 Cergy<\/strong>, nous offrons une vaste s\u00e9lection de <strong>sets de d\u00e9marrage<\/strong>, parfaits pour les joueurs d\u00e9butants souhaitant entrer dans l\u2019univers de Warhammer. Chaque set contient des figurines, des r\u00e8gles simplifi\u00e9es et tout le mat\u00e9riel n\u00e9cessaire pour vos premi\u00e8res parties. Que vous vouliez jouer aux c\u00f4t\u00e9s des Space Marines ou affronter vos ennemis avec les Orks, nos sets de d\u00e9marrage vous plongent directement dans l\u2019action. Venez d\u00e9couvrir nos offres en boutique et laissez nos experts vous accompagner dans vos premiers pas dans l\u2019univers Warhammer !<\/p>\t\t\t\t\t\t<\/div>\n\t\t\t\t<\/div>\n\t\t\t\t\t<\/div>\n\t\t\t\t<\/div>\n\t\t<div class=\"elementor-element elementor-element-57a2e81 e-flex e-con-boxed e-con e-parent\" data-id=\"57a2e81\" data-element_type=\"container\">\n\t\t\t\t\t<div class=\"e-con-inner\">\n\t\t<div class=\"elementor-element elementor-element-04e28fe e-con-full e-flex e-con e-child\" data-id=\"04e28fe\" data-element_type=\"container\">\n\t\t\t\t<div class=\"elementor-element elementor-element-495dcfe elementor-widget elementor-widget-text-editor\" data-id=\"495dcfe\" data-element_type=\"widget\" data-widget_type=\"text-editor.default\">\n\t\t\t\t<div class=\"elementor-widget-container\">\n\t\t\t\t\t\t\t<p>le <strong>livre de base Warhammer 40,000<\/strong> est essentiel pour tout joueur souhaitant ma\u00eetriser les r\u00e8gles compl\u00e8tes de l\u2019univers. Ce guide incontournable contient toutes les r\u00e8gles d\u00e9taill\u00e9es, des sc\u00e9narios de bataille, ainsi qu&#8217;une riche histoire de l\u2019univers Warhammer 40,000. Que vous soyez un joueur confirm\u00e9 ou un novice cherchant \u00e0 approfondir vos connaissances, ce livre vous permettra de comprendre les m\u00e9caniques du jeu et d&#8217;explorer en profondeur les factions. Disponible en boutique \u00e0 Cergy, il est votre compagnon id\u00e9al pour mener vos arm\u00e9es \u00e0 la victoire !<\/p>\t\t\t\t\t\t<\/div>\n\t\t\t\t<\/div>\n\t\t\t\t<\/div>\n\t\t<div class=\"elementor-element elementor-element-d87dc11 e-con-full e-flex e-con e-child\" data-id=\"d87dc11\" data-element_type=\"container\">\n\t\t\t\t<div class=\"elementor-element elementor-element-a321a3d elementor-widget elementor-widget-image\" data-id=\"a321a3d\" data-element_type=\"widget\" data-widget_type=\"image.default\">\n\t\t\t\t<div class=\"elementor-widget-container\">\n\t\t\t\t\t\t\t\t\t\t\t\t\t<img fetchpriority=\"high\" decoding=\"async\" width=\"400\" height=\"413\" src=\"https:\/\/warhammer-40000.fr\/wp-content\/uploads\/2024\/09\/set-demarrage-warhammer.png\" class=\"attachment-large size-large wp-image-62\" alt=\"Livre de base Warhammer\" srcset=\"https:\/\/warhammer-40000.fr\/wp-content\/uploads\/2024\/09\/set-demarrage-warhammer.png 400w, https:\/\/warhammer-40000.fr\/wp-content\/uploads\/2024\/09\/set-demarrage-warhammer-291x300.png 291w\" sizes=\"(max-width: 400px) 100vw, 400px\" \/>\t\t\t\t\t\t\t\t\t\t\t\t\t<\/div>\n\t\t\t\t<\/div>\n\t\t\t\t<\/div>\n\t\t\t\t\t<\/div>\n\t\t\t\t<\/div>\n\t\t<div class=\"elementor-element elementor-element-168f257 e-flex e-con-boxed e-con e-parent\" data-id=\"168f257\" data-element_type=\"container\">\n\t\t\t\t\t<div class=\"e-con-inner\">\n\t\t<div class=\"elementor-element elementor-element-f318df9 e-con-full e-flex e-con e-child\" data-id=\"f318df9\" data-element_type=\"container\">\n\t\t\t\t<div class=\"elementor-element elementor-element-1297f0b elementor-widget elementor-widget-image\" data-id=\"1297f0b\" data-element_type=\"widget\" data-widget_type=\"image.default\">\n\t\t\t\t<div class=\"elementor-widget-container\">\n\t\t\t\t\t\t\t\t\t\t\t\t\t<img decoding=\"async\" width=\"400\" height=\"413\" src=\"https:\/\/warhammer-40000.fr\/wp-content\/uploads\/2024\/09\/codex-warhammer.png\" class=\"attachment-large size-large wp-image-63\" alt=\"\" srcset=\"https:\/\/warhammer-40000.fr\/wp-content\/uploads\/2024\/09\/codex-warhammer.png 400w, https:\/\/warhammer-40000.fr\/wp-content\/uploads\/2024\/09\/codex-warhammer-291x300.png 291w\" sizes=\"(max-width: 400px) 100vw, 400px\" \/>\t\t\t\t\t\t\t\t\t\t\t\t\t<\/div>\n\t\t\t\t<\/div>\n\t\t\t\t<\/div>\n\t\t<div class=\"elementor-element elementor-element-50bc7f6 e-con-full e-flex e-con e-child\" data-id=\"50bc7f6\" data-element_type=\"container\">\n\t\t\t\t<div class=\"elementor-element elementor-element-5447be2 elementor-widget elementor-widget-text-editor\" data-id=\"5447be2\" data-element_type=\"widget\" data-widget_type=\"text-editor.default\">\n\t\t\t\t<div class=\"elementor-widget-container\">\n\t\t\t\t\t\t\t<p>Dans notre <strong>boutique Warhammer \u00e0 Cergy<\/strong>, les <strong>Codex<\/strong> sont des livres essentiels pour approfondir votre connaissance des factions et personnaliser votre arm\u00e9e. Chaque <strong>Codex<\/strong> est d\u00e9di\u00e9 \u00e0 une faction sp\u00e9cifique de Warhammer 40,000, comme les Space Marines, les Orks, les Necrons, et bien d\u2019autres. Il contient des r\u00e8gles avanc\u00e9es, des profils d\u2019unit\u00e9s, des capacit\u00e9s sp\u00e9ciales, et des strat\u00e9gies uniques qui vous permettent de ma\u00eetriser pleinement votre faction en jeu. Les <strong>Codex<\/strong> sont indispensables pour tout joueur cherchant \u00e0 optimiser ses arm\u00e9es et d\u00e9couvrir les secrets de chaque faction. Disponibles en boutique \u00e0 Cergy, ils sont le compl\u00e9ment parfait au livre de base pour \u00e9lever votre exp\u00e9rience de jeu<\/p>\t\t\t\t\t\t<\/div>\n\t\t\t\t<\/div>\n\t\t\t\t<\/div>\n\t\t\t\t\t<\/div>\n\t\t\t\t<\/div>\n\t\t<div class=\"elementor-element elementor-element-5579871 e-flex e-con-boxed e-con e-parent\" data-id=\"5579871\" data-element_type=\"container\">\n\t\t\t\t\t<div class=\"e-con-inner\">\n\t\t<div class=\"elementor-element elementor-element-81dd3c1 e-con-full e-flex e-con e-child\" data-id=\"81dd3c1\" data-element_type=\"container\">\n\t\t\t\t<div class=\"elementor-element elementor-element-2899698 elementor-widget elementor-widget-text-editor\" data-id=\"2899698\" data-element_type=\"widget\" data-widget_type=\"text-editor.default\">\n\t\t\t\t<div class=\"elementor-widget-container\">\n\t\t\t\t\t\t\t<p>les <strong>Codex<\/strong> sont des livres essentiels pour approfondir votre connaissance des factions et personnaliser votre arm\u00e9e. Chaque <strong>Codex<\/strong> est d\u00e9di\u00e9 \u00e0 une faction sp\u00e9cifique de Warhammer 40,000, comme les Space Marines, les Orks, les Necrons, et bien d\u2019autres. Il contient des r\u00e8gles avanc\u00e9es, des profils d\u2019unit\u00e9s, des capacit\u00e9s sp\u00e9ciales, et des strat\u00e9gies uniques qui vous permettent de ma\u00eetriser pleinement votre faction en jeu. Les <strong>Codex<\/strong> sont indispensables pour tout joueur cherchant \u00e0 optimiser ses arm\u00e9es et d\u00e9couvrir les secrets de chaque faction. Disponibles en boutique \u00e0 Cergy, ils sont le compl\u00e9ment parfait au livre de base pour \u00e9lever votre exp\u00e9rience de jeu.<\/p>\t\t\t\t\t\t<\/div>\n\t\t\t\t<\/div>\n\t\t\t\t<\/div>\n\t\t<div class=\"elementor-element elementor-element-2efbf3f e-con-full e-flex e-con e-child\" data-id=\"2efbf3f\" data-element_type=\"container\">\n\t\t\t\t<div class=\"elementor-element elementor-element-53ae922 elementor-widget elementor-widget-image\" data-id=\"53ae922\" data-element_type=\"widget\" data-widget_type=\"image.default\">\n\t\t\t\t<div class=\"elementor-widget-container\">\n\t\t\t\t\t\t\t\t\t\t\t\t\t<img decoding=\"async\" width=\"400\" height=\"413\" src=\"https:\/\/warhammer-40000.fr\/wp-content\/uploads\/2024\/09\/warhammer-codex.png\" class=\"attachment-large size-large wp-image-64\" alt=\"\" srcset=\"https:\/\/warhammer-40000.fr\/wp-content\/uploads\/2024\/09\/warhammer-codex.png 400w, https:\/\/warhammer-40000.fr\/wp-content\/uploads\/2024\/09\/warhammer-codex-291x300.png 291w\" sizes=\"(max-width: 400px) 100vw, 400px\" \/>\t\t\t\t\t\t\t\t\t\t\t\t\t<\/div>\n\t\t\t\t<\/div>\n\t\t\t\t<\/div>\n\t\t\t\t\t<\/div>\n\t\t\t\t<\/div>\n\t\t<div class=\"elementor-element elementor-element-400d355 e-flex e-con-boxed e-con e-parent\" data-id=\"400d355\" data-element_type=\"container\">\n\t\t\t\t\t<div class=\"e-con-inner\">\n\t\t<div class=\"elementor-element elementor-element-3dd0bef e-con-full e-flex e-con e-child\" data-id=\"3dd0bef\" data-element_type=\"container\">\n\t\t\t\t<div class=\"elementor-element elementor-element-c2a6f19 elementor-widget elementor-widget-image\" data-id=\"c2a6f19\" data-element_type=\"widget\" data-widget_type=\"image.default\">\n\t\t\t\t<div class=\"elementor-widget-container\">\n\t\t\t\t\t\t\t\t\t\t\t\t\t<img loading=\"lazy\" decoding=\"async\" width=\"400\" height=\"413\" src=\"https:\/\/warhammer-40000.fr\/wp-content\/uploads\/2024\/09\/peinture-citadel-warhammer-.png\" class=\"attachment-large size-large wp-image-32\" alt=\"peinture citadel warhammer-\" srcset=\"https:\/\/warhammer-40000.fr\/wp-content\/uploads\/2024\/09\/peinture-citadel-warhammer-.png 400w, https:\/\/warhammer-40000.fr\/wp-content\/uploads\/2024\/09\/peinture-citadel-warhammer--291x300.png 291w\" sizes=\"(max-width: 400px) 100vw, 400px\" \/>\t\t\t\t\t\t\t\t\t\t\t\t\t<\/div>\n\t\t\t\t<\/div>\n\t\t\t\t<\/div>\n\t\t<div class=\"elementor-element elementor-element-02798cd e-con-full e-flex e-con e-child\" data-id=\"02798cd\" data-element_type=\"container\">\n\t\t\t\t<div class=\"elementor-element elementor-element-9c1cfc4 elementor-widget elementor-widget-text-editor\" data-id=\"9c1cfc4\" data-element_type=\"widget\" data-widget_type=\"text-editor.default\">\n\t\t\t\t<div class=\"elementor-widget-container\">\n\t\t\t\t\t\t\t<p>nous proposons une large s\u00e9lection de <strong>sets de peinture Citadel<\/strong>, parfaits pour donner vie \u00e0 vos figurines. Ces sets incluent une gamme de couleurs essentielles, allant des teintes de base aux nuances sp\u00e9cifiques pour chaque arm\u00e9e, comme les Space Marines ou les Orks. Que vous soyez d\u00e9butant ou peintre confirm\u00e9, nos sets de peinture sont adapt\u00e9s \u00e0 tous les niveaux, avec des palettes de couleurs con\u00e7ues pour faciliter la mise en \u0153uvre des techniques de base, de layering, et de shading. Venez d\u00e9couvrir nos sets en boutique et apportez la touche finale \u00e0 vos figurines avec les peintures Citadel !<\/p>\t\t\t\t\t\t<\/div>\n\t\t\t\t<\/div>\n\t\t\t\t<\/div>\n\t\t\t\t\t<\/div>\n\t\t\t\t<\/div>\n\t\t\t\t<\/div>\n\t\t","protected":false},"excerpt":{"rendered":"<p>Dans notre boutique Warhammer \u00e0 Cergy, nous offrons une vaste s\u00e9lection de sets de d\u00e9marrage, parfaits pour les joueurs d\u00e9butants souhaitant entrer dans l\u2019univers de Warhammer. Chaque set contient des figurines, des r\u00e8gles simplifi\u00e9es et tout le mat\u00e9riel n\u00e9cessaire pour vos premi\u00e8res parties. Que vous vouliez jouer aux c\u00f4t\u00e9s des Space Marines ou affronter vos [&hellip;]<\/p>\n","protected":false},"author":1,"featured_media":0,"parent":0,"menu_order":0,"comment_status":"closed","ping_status":"closed","template":"","meta":{"footnotes":""},"class_list":["post-22","page","type-page","status-publish","hentry"],"_links":{"self":[{"href":"https:\/\/warhammer-40000.fr\/index.php\/wp-json\/wp\/v2\/pages\/22","targetHints":{"allow":["GET"]}}],"collection":[{"href":"https:\/\/warhammer-40000.fr\/index.php\/wp-json\/wp\/v2\/pages"}],"about":[{"href":"https:\/\/warhammer-40000.fr\/index.php\/wp-json\/wp\/v2\/types\/page"}],"author":[{"embeddable":true,"href":"https:\/\/warhammer-40000.fr\/index.php\/wp-json\/wp\/v2\/users\/1"}],"replies":[{"embeddable":true,"href":"https:\/\/warhammer-40000.fr\/index.php\/wp-json\/wp\/v2\/comments?post=22"}],"version-history":[{"count":8,"href":"https:\/\/warhammer-40000.fr\/index.php\/wp-json\/wp\/v2\/pages\/22\/revisions"}],"predecessor-version":[{"id":102,"href":"https:\/\/warhammer-40000.fr\/index.php\/wp-json\/wp\/v2\/pages\/22\/revisions\/102"}],"wp:attachment":[{"href":"https:\/\/warhammer-40000.fr\/index.php\/wp-json\/wp\/v2\/media?parent=22"}],"curies":[{"name":"wp","href":"https:\/\/api.w.org\/{rel}","templated":true}]}}